{"id":1919,"date":"2022-03-21T20:25:21","date_gmt":"2022-03-21T19:25:21","guid":{"rendered":"https:\/\/residis.quai13.fr\/?page_id=1919"},"modified":"2025-07-16T20:39:35","modified_gmt":"2025-07-16T18:39:35","slug":"politique-de-protection-des-donnees-personnelles","status":"publish","type":"page","link":"https:\/\/logely.fr\/en\/politique-de-protection-des-donnees-personnelles\/","title":{"rendered":"Politique de protection des donn\u00e9es personnelles"},"content":{"rendered":"<div data-elementor-type=\"wp-page\" data-elementor-id=\"1919\" class=\"elementor elementor-1919\" data-elementor-post-type=\"page\">\n\t\t\t\t\t\t<section class=\"elementor-section elementor-top-section elementor-element elementor-element-d8174f7 elementor-section-boxed elementor-section-height-default elementor-section-height-default\" data-id=\"d8174f7\" data-element_type=\"section\" data-e-type=\"section\" data-settings=\"{&quot;background_background&quot;:&quot;classic&quot;}\">\n\t\t\t\t\t\t<div class=\"elementor-container elementor-column-gap-default\">\n\t\t\t\t\t<div class=\"elementor-column elementor-col-100 elementor-top-column elementor-element elementor-element-8b4e9b5\" data-id=\"8b4e9b5\" data-element_type=\"column\" data-e-type=\"column\">\n\t\t\t<div class=\"elementor-widget-wrap elementor-element-populated\">\n\t\t\t\t\t\t<div class=\"elementor-element elementor-element-3ccf54d elementor-widget elementor-widget-heading\" data-id=\"3ccf54d\" data-element_type=\"widget\" data-e-type=\"widget\" data-widget_type=\"heading.default\">\n\t\t\t\t<div class=\"elementor-widget-container\">\n\t\t\t\t\t<h2 class=\"elementor-heading-title elementor-size-default\"><span>POLITIQUE DE PROTECTION <\/span> DES DONN\u00c9ES PERSONNELLES<\/h2>\t\t\t\t<\/div>\n\t\t\t\t<\/div>\n\t\t\t\t\t<\/div>\n\t\t<\/div>\n\t\t\t\t\t<\/div>\n\t\t<\/section>\n\t\t\t\t<section class=\"elementor-section elementor-top-section elementor-element elementor-element-1e1a360 elementor-reverse-tablet elementor-reverse-mobile elementor-section-boxed elementor-section-height-default elementor-section-height-default\" data-id=\"1e1a360\" data-element_type=\"section\" data-e-type=\"section\">\n\t\t\t\t\t\t<div class=\"elementor-container elementor-column-gap-default\">\n\t\t\t\t\t<div class=\"elementor-column elementor-col-100 elementor-top-column elementor-element elementor-element-7f33f68\" data-id=\"7f33f68\" data-element_type=\"column\" data-e-type=\"column\">\n\t\t\t<div class=\"elementor-widget-wrap elementor-element-populated\">\n\t\t\t\t\t\t<section class=\"elementor-section elementor-inner-section elementor-element elementor-element-b90d89f bread_nt elementor-section-boxed elementor-section-height-default elementor-section-height-default\" data-id=\"b90d89f\" data-element_type=\"section\" data-e-type=\"section\">\n\t\t\t\t\t\t<div class=\"elementor-container elementor-column-gap-default\">\n\t\t\t\t\t<div class=\"elementor-column elementor-col-100 elementor-inner-column elementor-element elementor-element-1ce4efc\" data-id=\"1ce4efc\" data-element_type=\"column\" data-e-type=\"column\">\n\t\t\t<div class=\"elementor-widget-wrap elementor-element-populated\">\n\t\t\t\t\t\t<div class=\"elementor-element elementor-element-ebc9709 elementor-widget elementor-widget-shortcode\" data-id=\"ebc9709\" data-element_type=\"widget\" data-e-type=\"widget\" data-widget_type=\"shortcode.default\">\n\t\t\t\t<div class=\"elementor-widget-container\">\n\t\t\t\t\t\t\t<div class=\"elementor-shortcode\">\t\t\t<!-- Flexy Breadcrumb -->\r\n\t\t\t<div class=\"fbc fbc-page\">\r\n\r\n\t\t\t\t<!-- Breadcrumb wrapper -->\r\n\t\t\t\t<div class=\"fbc-wrap\">\r\n\r\n\t\t\t\t\t<!-- Ordered list-->\r\n\t\t\t\t\t<ol class=\"fbc-items\" itemscope itemtype=\"https:\/\/schema.org\/BreadcrumbList\">\r\n\t\t\t\t\t\t            <li itemprop=\"itemListElement\" itemscope itemtype=\"https:\/\/schema.org\/ListItem\">\r\n                <span itemprop=\"name\">\r\n                    <!-- Home Link -->\r\n                    <a itemprop=\"item\" href=\"https:\/\/logely.fr\/en\/\">\r\n                    \r\n                                                    <i class=\"fa fa-home\" aria-hidden=\"true\"><\/i>Accueil                    <\/a>\r\n                <\/span>\r\n                <meta itemprop=\"position\" content=\"1\" \/><!-- Meta Position-->\r\n             <\/li><li><span class=\"fbc-separator\">><\/span><\/li><li class=\"active\" itemprop=\"itemListElement\" itemscope itemtype=\"https:\/\/schema.org\/ListItem\"><span itemprop=\"name\" title=\"Politique de protection des donn\u00e9es personnelles\">Politique de protection des donn\u00e9es personnelles<\/span><meta itemprop=\"position\" content=\"2\" \/><\/li>\t\t\t\t\t<\/ol>\r\n\t\t\t\t\t<div class=\"clearfix\"><\/div>\r\n\t\t\t\t<\/div>\r\n\t\t\t<\/div>\r\n\t\t\t<\/div>\n\t\t\t\t\t\t<\/div>\n\t\t\t\t<\/div>\n\t\t\t\t\t<\/div>\n\t\t<\/div>\n\t\t\t\t\t<\/div>\n\t\t<\/section>\n\t\t\t\t\t<\/div>\n\t\t<\/div>\n\t\t\t\t\t<\/div>\n\t\t<\/section>\n\t\t\t\t<section class=\"elementor-section elementor-top-section elementor-element elementor-element-d004e64 elementor-section-boxed elementor-section-height-default elementor-section-height-default\" data-id=\"d004e64\" data-element_type=\"section\" data-e-type=\"section\">\n\t\t\t\t\t\t<div class=\"elementor-container elementor-column-gap-default\">\n\t\t\t\t\t<div class=\"elementor-column elementor-col-66 elementor-top-column elementor-element elementor-element-16f99c7\" data-id=\"16f99c7\" data-element_type=\"column\" data-e-type=\"column\">\n\t\t\t<div class=\"elementor-widget-wrap elementor-element-populated\">\n\t\t\t\t\t\t<div class=\"elementor-element elementor-element-28c5b5d elementor-widget__width-initial elementor-widget elementor-widget-text-editor\" data-id=\"28c5b5d\" data-element_type=\"widget\" data-e-type=\"widget\" id=\"pol_int\" data-widget_type=\"text-editor.default\">\n\t\t\t\t<div class=\"elementor-widget-container\">\n\t\t\t\t\t\t\t\t\t<h2>Informations g\u00e9n\u00e9rales<\/h2>\n<p>\u00a0LOGELY, est une marque de l\u2019entreprise R\u00e9sidis \u00e0 la Pr\u00e9fecture des Hauts-de-Seine sous le num\u00e9ro de Siret 50901904800156 dont le Si\u00e8ge social est situ\u00e9 au\u00a0<a href=\"https:\/\/www.societe.com\/entreprises\/17_place%20des%20reflets\/92400_COURBEVOIE.html\" data-saferedirecturl=\"https:\/\/www.google.com\/url?q=https:\/\/www.societe.com\/entreprises\/17_place%2520des%2520reflets\/92400_COURBEVOIE.html&amp;source=gmail&amp;ust=1752776007156000&amp;usg=AOvVaw1DvhXCYgLerKAkIotmNdC1\" target=\"_blank\" rel=\"noopener\">17 PLACE DES REFLETS 92400 COURBEVOIE<\/a><\/p>\n<p style=\"font-weight: 400;\">LOGELY est particuli\u00e8rement soucieuse de la protection des donn\u00e9es personnelles qui constitue un enjeu majeur pour la vie priv\u00e9e de chaque personne. La pr\u00e9sente Politique de protection des donn\u00e9es personnelles a pour but de vous informer sur le traitement de vos donn\u00e9es personnelles.<\/p>\n<h2>Quelles normes encadrent le traitement des donn\u00e9es personnelles ?<\/h2>\n<p style=\"font-weight: 400;\">LOGELY s\u2019engage \u00e0 ce que les traitements de donn\u00e9es personnelles effectu\u00e9s sur son Site soient conformes au r\u00e8glement g\u00e9n\u00e9ral sur la protection des donn\u00e9es (RGPD) et \u00e0 la loi Informatique et Libert\u00e9s.<\/p>\n<p style=\"font-weight: 400;\">Le traitement des donn\u00e9es \u00e0 caract\u00e8re personnel est en effet encadr\u00e9 par les normes suivantes :<br \/>\u2022 le R\u00e8glement Europ\u00e9en sur la Protection des Donn\u00e9es (R\u00e8glement UE 2016\/679 du Parlement Europ\u00e9en et du Conseil ou \u00ab RGPD \u00bb) applicable depuis le 25 mai 2018 ;<br \/>\u2022 la loi n\u00b0 78-17 du 6 janvier 1978 relative \u00e0 l\u2019informatique, aux fichiers et aux libert\u00e9s (dite \u00ab Loi Informatique et Libert\u00e9s \u00bb) modifi\u00e9e par la loi de Sant\u00e9 de janvier 2016, la loi pour une R\u00e9publique Num\u00e9rique d\u2019octobre 2016 et la loi n\u00b0 2018-493 du 20 juin 2018 relative \u00e0 la protection des donn\u00e9es personnelles.<\/p>\n<p style=\"font-weight: 400;\">L\u2019ensemble de ces r\u00e8gles sera ci-apr\u00e8s d\u00e9nomm\u00e9 \u00ab R\u00e9glementation applicable en mati\u00e8re de donn\u00e9es personnelles \u00bb. Les traitements mis en \u0153uvre par LOGELY sont r\u00e9alis\u00e9s en conformit\u00e9 \u00e0 cette R\u00e9glementation.\u00a0<\/p>\n<h2><span style=\"color: var( --e-global-color-text ); font-family: inherit; font-size: 2rem;\">Quelle est la d\u00e9finition d\u2019une donn\u00e9e \u00e0 caract\u00e8re personnel ?\u00a0<\/span><span style=\"color: inherit; font-family: inherit; font-size: 2rem;\">\u00a0<\/span><\/h2>\n<p style=\"font-weight: 400;\">Les termes \u00ab\u202fDonn\u00e9es\u202f\u00bb ou \u00ab\u202fDonn\u00e9es \u00e0 Caract\u00e8re Personnel\u202f\u00bb d\u00e9signent toute information se rapportant \u00e0 une personne physique identifi\u00e9e ou identifiable.<\/p>\n<p style=\"font-weight: 400;\">Est r\u00e9put\u00e9e \u00eatre une \u00ab personne physique identifiable \u00bb une personne physique qui peut \u00eatre identifi\u00e9e, directement ou indirectement, notamment par r\u00e9f\u00e9rence \u00e0 un identifiant, tel qu\u2019un nom, un num\u00e9ro d\u2019identification, des donn\u00e9es de localisation, un identifiant en ligne, ou \u00e0 un ou plusieurs \u00e9l\u00e9ments sp\u00e9cifiques propres \u00e0 son identit\u00e9 physique, physiologique, g\u00e9n\u00e9tique, psychique, \u00e9conomique, culturelle ou sociale (article 4 du RGPD).\u00a0<\/p>\n<p style=\"font-weight: 400;\">Pourquoi avons-nous besoin de traiter vos donn\u00e9es personnelles ? Vos donn\u00e9es personnelles recueillies :<br \/>\u2013 dans le formulaire de contact propos\u00e9 dans \u201cContact\u201d et \u00ab Candidater \u00bb ; sont limit\u00e9es au strict n\u00e9cessaire (minimisation des donn\u00e9es), et permettent \u00e0\u00a0 \u00a0 LOGELY de r\u00e9pondre \u00e0 votre sollicitation et de prendre contact avec vous.\u00a0<\/p>\n<p style=\"font-weight: 400;\">Par ailleurs, LOGELY collecte vos donn\u00e9es via des cookies utilis\u00e9s lors de votre navigation sur le Site. Vos donn\u00e9es sont utilis\u00e9es dans le cadre des finalit\u00e9s mentionn\u00e9es ci-dessous de fa\u00e7on pertinente et proportionn\u00e9e.\u00a0<\/p>\n<h2><span style=\"color: var( --e-global-color-text );\">Quels types de cookies utilisons-nous ?\u00a0<\/span><\/h2>\n<p style=\"font-weight: 400;\">Le site utilise des \u00ab cookies \u00bb qui sont des traceurs de navigation sur un site web, lus ou d\u00e9pos\u00e9s.<br \/>Ainsi, https:\/\/logely.fr\/ est susceptible d\u2019inscrire des informations dans votre \u00e9quipement terminal de communications \u00e9lectroniques et d\u2019acc\u00e9der \u00e0 des informations qui y sont d\u00e9j\u00e0 stock\u00e9es.\u00a0<\/p>\n<p style=\"font-weight: 400;\">Conform\u00e9ment \u00e0 la R\u00e9glementation applicable en mati\u00e8re de donn\u00e9es personnelles, vous \u00eates inform\u00e9s de la finalit\u00e9 des cookies utilis\u00e9s et des modalit\u00e9s mises \u00e0 votre disposition pour vous y opposer.<br \/>L\u2019utilisation de certains cookies exige votre accord pr\u00e9alable.\u00a0<\/p>\n<h3><span style=\"color: var( --e-global-color-text );\">Les cookies fonctionnels :\u00a0<\/span><\/h3>\n<p>Sans eux, vous ne pourriez tout simplement pas naviguer sur le site https:\/\/logely.fr\/\u00a0en utiliser les diff\u00e9rentes fonctionnalit\u00e9s.<\/p>\n<h3><span style=\"color: var( --e-global-color-text );\">Les cookies des r\u00e9seaux sociaux :\u00a0<\/span><\/h3>\n<p><span style=\"color: var( --e-global-color-text );\">Sur https:\/\/logely.fr\/, vous pouvez vous connecter \u00e0 vos r\u00e9seaux sociaux gr\u00e2ce aux boutons pr\u00e9vus \u00e0 cet effet.<br \/>Si vous d\u00e9cidez de vous connecter \u00e0 vos r\u00e9seaux sociaux \u00e0 partir de https:\/\/logely.fr\/ attirons votre attention sur le fait que vous nous communiquez les informations de votre profil en fonction du param\u00e9trage des r\u00e9seaux sociaux que vous utilisez.<br \/>Nous vous invitons \u00e0 vous rendre sur le r\u00e9seau social concern\u00e9 et \u00e0 consulter sa politique de protection des donn\u00e9es \u00e0 caract\u00e8re personnel afin de comprendre de quelle fa\u00e7on vos donn\u00e9es sont partag\u00e9es et utilis\u00e9es dans ce cadre.\u00a0<\/span><\/p>\n<h3><span style=\"color: var( --e-global-color-text );\">Les cookies de performance et de mesure d\u2019audience :\u00a0<\/span><\/h3>\n<p style=\"font-weight: 400;\">Ces cookies recueillent anonymement un certain nombre d\u2019informations lors de vos visites sur https:\/\/logely.fr\/ comme la mani\u00e8re dont vous \u00eates arriv\u00e9 sur le site ou encore les pages que vous fr\u00e9quentez le plus souvent et de r\u00e9aliser des statistiques anonymes de visites.\u00a0<\/p>\n<p style=\"font-weight: 400;\">L\u2019objectif de ces cookies est de mesurer la fr\u00e9quentation de nos pages et de nous permettre d\u2019analyser et de mieux comprendre les comportements des internautes sur\u00a0<a href=\"http:\/\/adps-sante.fr\/\" data-saferedirecturl=\"https:\/\/www.google.com\/url?q=http:\/\/adps-sante.fr\/&amp;source=gmail&amp;ust=1752776007156000&amp;usg=AOvVaw1vbHjSuLMD7zUsp42_Fvh0\" target=\"_blank\" rel=\"noopener\">adps-sante.fr<\/a>\u00a0en vue d\u2019en am\u00e9liorer le contenu et le fonctionnement. En l\u2019occurrence, il s\u2019agit Google analytics.\u00a0<\/p>\n<p style=\"font-weight: 400;\">La dur\u00e9e de conservation de ces cookies va de 3 mois \u00e0 13 mois au plus. Ces cookies sont dispens\u00e9s de consentement. Cependant,\u00a0<a href=\"http:\/\/adps-sante.fr\/\" data-saferedirecturl=\"https:\/\/www.google.com\/url?q=http:\/\/adps-sante.fr\/&amp;source=gmail&amp;ust=1752776007156000&amp;usg=AOvVaw1vbHjSuLMD7zUsp42_Fvh0\" target=\"_blank\" rel=\"noopener\">adps-sante.fr<\/a>\u00a0vous donne la possibilit\u00e9 d\u2019exercer votre droit d\u2019opposition \u00e0 l\u2019utilisation de ces cookies.\u00a0<\/p>\n<p style=\"font-weight: 400;\">Les param\u00e8tres permettant de modifier les pr\u00e9f\u00e9rences en mati\u00e8re de Cookies diff\u00e9rent en fonction de votre navigateur :<br \/>\u2022 Internet Explorer\u2122<br \/>\u2022 Safari\u2122<br \/>\u2022 Chrome\u2122<br \/>\u2022 Firefox\u2122<br \/>\u2022 Opera\u2122\u00a0<\/p>\n<p style=\"font-weight: 400;\">Si vous souhaitez en savoir plus sur les cookies, leur fonctionnement et leur utilisation, vous pouvez vous rendre sur le site CNIL : CNIL, les outils pour ma\u00eetriser les cookies\u00a0<\/p>\n<h3><span style=\"color: var( --e-global-color-text );\">Comment sont utilis\u00e9es vos donn\u00e9es personnelles ?\u00a0<\/span><\/h3>\n<p style=\"font-weight: 400;\">Les informations recueillies sont r\u00e9serv\u00e9es \u00e0 l\u2019usage exclusif de LOGELY, de ses prestataires d\u2019h\u00e9bergement et de gestion du Site, ainsi qu\u2019\u00e0 son sous-traitant pour le d\u00e9veloppement et la maintenance informatique du Site.<\/p>\n<p style=\"font-weight: 400;\">En tant que responsable de traitement, LOGELY s\u2019engage \u00e0 ne pas transf\u00e9rer les donn\u00e9es personnelles hors de l\u2019Union europ\u00e9enne. Dans le cas contraire, LOGELY s\u2019engage \u00e0 mettre en place des garanties appropri\u00e9es, conform\u00e9ment \u00e0 la R\u00e9glementation applicable en mati\u00e8re de donn\u00e9es personnelles, et en particulier \u00e0 mettre en place les Clauses Contractuelles Types (mod\u00e8les de contrats de transfert de donn\u00e9es personnelles adopt\u00e9s par la Commission europ\u00e9enne).\u00a0<\/p>\n<h3><span style=\"color: var( --e-global-color-text );\">Comment assurons-nous la s\u00e9curit\u00e9 de vos donn\u00e9es ?\u00a0<\/span><\/h3>\n<p><span style=\"color: var( --e-global-color-text );\"> Conform\u00e9ment \u00e0 la R\u00e9glementation applicable en mati\u00e8re de donn\u00e9es personnelles, LOGELY met en \u0153uvre toutes les mesures techniques, physiques, et organisationnelles appropri\u00e9es au regard de la nature des donn\u00e9es et des risques pr\u00e9sent\u00e9s par les traitements, pour pr\u00e9server la s\u00e9curit\u00e9 et la confidentialit\u00e9 de vos donn\u00e9es personnelles, notamment emp\u00eacher que celles-ci ne soient d\u00e9form\u00e9es, endommag\u00e9es, ou que des tiers non autoris\u00e9s y aient acc\u00e8s.<br \/>LOGELY s\u2019engage \u00e0 effectuer dans les meilleurs d\u00e9lais toutes les notifications n\u00e9cessaires en cas de violation des donn\u00e9es personnelles de ses Utilisateurs apr\u00e8s en avoir pris connaissance conform\u00e9ment \u00e0 l\u2019article 33 du RGPD.\u00a0<br \/><\/span><\/p>\n<h3><span style=\"color: var( --e-global-color-text );\">Quels sont les droits dont vous disposez ?\u00a0<\/span><\/h3>\n<p>Conform\u00e9ment \u00e0 la R\u00e9glementation applicable en mati\u00e8re de donn\u00e9es personnelles, vous disposez de diff\u00e9rents droits :<br \/>\u2022\u00a0<b>un droit d\u2019acc\u00e8s<\/b>\u00a0: vous pouvez demander au Responsable de traitement, l\u2019acc\u00e8s \u00e0 l\u2019ensemble de vos donn\u00e9es personnelles en sa possession, ainsi que la confirmation qu\u2019elles ont \u00e9t\u00e9 ou non trait\u00e9es ;<br \/>\u2022\u00a0<b>un droit de rectification<\/b>\u00a0: vous avez le droit d\u2019obtenir du Responsable du traitement qu\u2019il rectifie les donn\u00e9es inexactes dans les meilleurs d\u00e9lais et qu\u2019il compl\u00e8te les donn\u00e9es incompl\u00e8tes ;<br \/>\u2022\u00a0<b>un droit \u00e0 l\u2019effacement<\/b>\u00a0: vous pouvez demander l\u2019effacement de vos donn\u00e9es si elles ne sont pas ou plus n\u00e9cessaires au regard des objectifs pour lesquelles elles ont \u00e9t\u00e9 initialement collect\u00e9es ou trait\u00e9es ; vous pouvez aussi obtenir leur effacement si elles font l\u2019objet d\u2019un traitement illicite, ou pour respecter une obligation l\u00e9gale ;<br \/>\u2022\u00a0<b>un droit \u00e0 la limitation du traitement\u00a0<\/b>: vous avez le droit de demander le gel temporaire de l\u2019utilisation de vos donn\u00e9es dans certaines situations ;<br \/>\u2022\u00a0<b>un droit \u00e0 la portabilit\u00e9\u00a0<\/b>: ce droit vous permet d\u2019obtenir la copie des donn\u00e9es personnelles que vous avez fournies au Responsable de traitement, et d\u2019en demander la transmission \u00e0 un autre responsable de traitement ;<br \/>\u2022\u00a0<b>un droit d\u2019opposition au traitement de vos donn\u00e9es\u00a0<\/b>: vous avez le droit de vous opposer \u00e0 tout moment \u00e0 un traitement de vos donn\u00e9es pour des raisons tenant \u00e0 votre situation particuli\u00e8re ;<br \/>\u2022\u00a0<b>un droit \u00e0 retirer votre consentement\u00a0<\/b>: ce droit s\u2019applique \u00e0 tous les traitements fond\u00e9s sur votre consentement et peut \u00eatre exerc\u00e9 \u00e0 tout moment,<br \/>\u2022\u00a0<b>un droit de d\u00e9finir des directives<\/b> relatives \u00e0 la conservation, \u00e0 l\u2019effacement et \u00e0 la communication de vos donn\u00e9es \u00e0 caract\u00e8re personnel apr\u00e8s votre d\u00e9c\u00e8s. Ces directives peuvent d\u00e9signer un tiers de confiance charg\u00e9 de les faire ex\u00e9cuter. A d\u00e9faut de d\u00e9signation, vos h\u00e9ritiers peuvent les faire ex\u00e9cuter en s\u2019adressant au responsable du traitement.<\/p>\n<h3><span style=\"color: var( --e-global-color-text );\">Comment exercer vos droits ?\u00a0<\/span><\/h3>\n<p>Pour exercer vos droits ou contacter le responsable des donn\u00e9es personnelles, pour toute information compl\u00e9mentaire ou r\u00e9clamation, il vous suffit de nous adresser :<\/p>\n<ul>\n<li>soit un courrier \u00e9lectronique \u00e0 l\u2019adresse suivante : <a href=\"mailto:contact@logely.fr\">contact@logely.fr<\/a>\u00a0<\/li>\n<li>soit un courrier postal \u00e0 l\u2019adresse suivante : LOGELY, Tour Liberty, <a href=\"https:\/\/www.google.com\/maps\/place\/data=!4m2!3m1!1s0x47e665c2d8508ec9:0xd19f22e65c394279?sa=X&amp;ved=1t:8290&amp;ictx=111\" data-saferedirecturl=\"https:\/\/www.google.com\/url?q=https:\/\/www.google.com\/maps\/place\/data%3D!4m2!3m1!1s0x47e665c2d8508ec9:0xd19f22e65c394279?sa%3DX%26ved%3D1t:8290%26ictx%3D111&amp;source=gmail&amp;ust=1752776007156000&amp;usg=AOvVaw1BqbdNTYTUZ2Fvf1GUCHwl\" target=\"_blank\" rel=\"noopener\">17 Pl. des Reflets, 92400 Courbevoie<\/a>\u00a0En cas de d\u00e9saccord quant \u00e0 la collecte ou l\u2019utilisation de vos donn\u00e9es, vous pouvez saisir la CNIL, autorit\u00e9 de contr\u00f4le comp\u00e9tente, sur\u00a0<a href=\"http:\/\/www.cnil.fr\/\" data-saferedirecturl=\"https:\/\/www.google.com\/url?q=http:\/\/www.cnil.fr\/&amp;source=gmail&amp;ust=1752776007156000&amp;usg=AOvVaw0CQMb73bZ7Qah4CPD86G5A\" target=\"_blank\" rel=\"noopener\">www.cnil.fr<\/a>\u00a0ou par courrier postal adress\u00e9 \u00e0 CNIL, 3, place de Fontenoy, TSA 80715, 75334 PARIS Cedex 07.\u00a0<\/li>\n<\/ul>\n<p style=\"font-weight: 400;\">Vous trouverez plus de d\u00e9tails sur la description et l\u2019exercice de vos droits sur le site de la CNIL.\u00a0<\/p>\n<h3><span style=\"color: var( --e-global-color-text );\">Dur\u00e9e de conservation\u00a0<\/span><\/h3>\n<p>Vos donn\u00e9es sont conserv\u00e9es pendant la dur\u00e9e n\u00e9cessaire \u00e0 leur traitement qui peut \u00eatre, le cas \u00e9ch\u00e9ant, fix\u00e9e par les textes. Mise \u00e0 jour de la politique de confidentialit\u00e9 LOGELY est susceptible de modifier la pr\u00e9sente Politique de confidentialit\u00e9 notamment afin de prendre en compte l\u2019\u00e9volution de la R\u00e8glementation applicable en mati\u00e8re de donn\u00e9es personnelles ainsi que de toute autre r\u00e8glementation.<\/p>\t\t\t\t\t\t\t\t<\/div>\n\t\t\t\t<\/div>\n\t\t\t\t\t<\/div>\n\t\t<\/div>\n\t\t\t\t<div class=\"elementor-column elementor-col-33 elementor-top-column elementor-element elementor-element-ff4b003\" data-id=\"ff4b003\" data-element_type=\"column\" data-e-type=\"column\" data-settings=\"{&quot;background_background&quot;:&quot;classic&quot;}\">\n\t\t\t<div class=\"elementor-widget-wrap\">\n\t\t\t\t\t\t\t<\/div>\n\t\t<\/div>\n\t\t\t\t\t<\/div>\n\t\t<\/section>\n\t\t\t\t<\/div>","protected":false},"excerpt":{"rendered":"<p>POLITIQUE DE PROTECTION DES DONN\u00c9ES PERSONNELLES Informations g\u00e9n\u00e9rales \u00a0LOGELY, est une marque de l\u2019entreprise R\u00e9sidis \u00e0 la Pr\u00e9fecture des Hauts-de-Seine sous le num\u00e9ro de Siret 50901904800156 dont le Si\u00e8ge social est situ\u00e9 au\u00a017 PLACE DES REFLETS 92400 COURBEVOIE LOGELY est particuli\u00e8rement soucieuse de la protection des donn\u00e9es personnelles qui constitue un enjeu majeur pour la [&hellip;]<\/p>\n","protected":false},"author":9,"featured_media":0,"parent":0,"menu_order":0,"comment_status":"closed","ping_status":"closed","template":"","meta":{"_acf_changed":false,"footnotes":""},"class_list":["post-1919","page","type-page","status-publish","hentry"],"acf":[],"_links":{"self":[{"href":"https:\/\/logely.fr\/en\/wp-json\/wp\/v2\/pages\/1919","targetHints":{"allow":["GET"]}}],"collection":[{"href":"https:\/\/logely.fr\/en\/wp-json\/wp\/v2\/pages"}],"about":[{"href":"https:\/\/logely.fr\/en\/wp-json\/wp\/v2\/types\/page"}],"author":[{"embeddable":true,"href":"https:\/\/logely.fr\/en\/wp-json\/wp\/v2\/users\/9"}],"replies":[{"embeddable":true,"href":"https:\/\/logely.fr\/en\/wp-json\/wp\/v2\/comments?post=1919"}],"version-history":[{"count":61,"href":"https:\/\/logely.fr\/en\/wp-json\/wp\/v2\/pages\/1919\/revisions"}],"predecessor-version":[{"id":9403,"href":"https:\/\/logely.fr\/en\/wp-json\/wp\/v2\/pages\/1919\/revisions\/9403"}],"wp:attachment":[{"href":"https:\/\/logely.fr\/en\/wp-json\/wp\/v2\/media?parent=1919"}],"curies":[{"name":"wp","href":"https:\/\/api.w.org\/{rel}","templated":true}]}}