{"id":34,"date":"2022-03-09T20:24:42","date_gmt":"2022-03-09T19:24:42","guid":{"rendered":"https:\/\/residis.quai13.fr\/?page_id=34"},"modified":"2025-10-16T11:25:31","modified_gmt":"2025-10-16T09:25:31","slug":"mentions-legales","status":"publish","type":"page","link":"https:\/\/logely.fr\/en\/mentions-legales\/","title":{"rendered":"Mentions-legales"},"content":{"rendered":"<div data-elementor-type=\"wp-page\" data-elementor-id=\"34\" class=\"elementor elementor-34\" data-elementor-post-type=\"page\">\n\t\t\t\t\t\t<section class=\"elementor-section elementor-top-section elementor-element elementor-element-7879734 elementor-section-boxed elementor-section-height-default elementor-section-height-default\" data-id=\"7879734\" data-element_type=\"section\" data-e-type=\"section\" data-settings=\"{&quot;background_background&quot;:&quot;classic&quot;}\">\n\t\t\t\t\t\t<div class=\"elementor-container elementor-column-gap-default\">\n\t\t\t\t\t<div class=\"elementor-column elementor-col-100 elementor-top-column elementor-element elementor-element-ba4fc6c\" data-id=\"ba4fc6c\" data-element_type=\"column\" data-e-type=\"column\">\n\t\t\t<div class=\"elementor-widget-wrap elementor-element-populated\">\n\t\t\t\t\t\t<div class=\"elementor-element elementor-element-daa37c3 elementor-widget elementor-widget-heading\" data-id=\"daa37c3\" data-element_type=\"widget\" data-e-type=\"widget\" data-widget_type=\"heading.default\">\n\t\t\t\t<div class=\"elementor-widget-container\">\n\t\t\t\t\t<h2 class=\"elementor-heading-title elementor-size-default\"><span>MENTIONS <\/span>  L\u00c9GALES<\/h2>\t\t\t\t<\/div>\n\t\t\t\t<\/div>\n\t\t\t\t\t<\/div>\n\t\t<\/div>\n\t\t\t\t\t<\/div>\n\t\t<\/section>\n\t\t\t\t<section class=\"elementor-section elementor-top-section elementor-element elementor-element-ab61476 elementor-reverse-tablet elementor-reverse-mobile elementor-section-boxed elementor-section-height-default elementor-section-height-default\" data-id=\"ab61476\" data-element_type=\"section\" data-e-type=\"section\">\n\t\t\t\t\t\t<div class=\"elementor-container elementor-column-gap-default\">\n\t\t\t\t\t<div class=\"elementor-column elementor-col-100 elementor-top-column elementor-element elementor-element-b770dfb\" data-id=\"b770dfb\" data-element_type=\"column\" data-e-type=\"column\">\n\t\t\t<div class=\"elementor-widget-wrap elementor-element-populated\">\n\t\t\t\t\t\t<section class=\"elementor-section elementor-inner-section elementor-element elementor-element-9006a2c bread_nt elementor-section-boxed elementor-section-height-default elementor-section-height-default\" data-id=\"9006a2c\" data-element_type=\"section\" data-e-type=\"section\">\n\t\t\t\t\t\t<div class=\"elementor-container elementor-column-gap-default\">\n\t\t\t\t\t<div class=\"elementor-column elementor-col-100 elementor-inner-column elementor-element elementor-element-2627901\" data-id=\"2627901\" data-element_type=\"column\" data-e-type=\"column\">\n\t\t\t<div class=\"elementor-widget-wrap elementor-element-populated\">\n\t\t\t\t\t\t<div class=\"elementor-element elementor-element-6ff595b elementor-widget elementor-widget-shortcode\" data-id=\"6ff595b\" data-element_type=\"widget\" data-e-type=\"widget\" data-widget_type=\"shortcode.default\">\n\t\t\t\t<div class=\"elementor-widget-container\">\n\t\t\t\t\t\t\t<div class=\"elementor-shortcode\">\t\t\t<!-- Flexy Breadcrumb -->\r\n\t\t\t<div class=\"fbc fbc-page\">\r\n\r\n\t\t\t\t<!-- Breadcrumb wrapper -->\r\n\t\t\t\t<div class=\"fbc-wrap\">\r\n\r\n\t\t\t\t\t<!-- Ordered list-->\r\n\t\t\t\t\t<ol class=\"fbc-items\" itemscope itemtype=\"https:\/\/schema.org\/BreadcrumbList\">\r\n\t\t\t\t\t\t            <li itemprop=\"itemListElement\" itemscope itemtype=\"https:\/\/schema.org\/ListItem\">\r\n                <span itemprop=\"name\">\r\n                    <!-- Home Link -->\r\n                    <a itemprop=\"item\" href=\"https:\/\/logely.fr\/en\/\">\r\n                    \r\n                                                    <i class=\"fa fa-home\" aria-hidden=\"true\"><\/i>Accueil                    <\/a>\r\n                <\/span>\r\n                <meta itemprop=\"position\" content=\"1\" \/><!-- Meta Position-->\r\n             <\/li><li><span class=\"fbc-separator\">><\/span><\/li><li class=\"active\" itemprop=\"itemListElement\" itemscope itemtype=\"https:\/\/schema.org\/ListItem\"><span itemprop=\"name\" title=\"Mentions-legales\">Mentions-legales<\/span><meta itemprop=\"position\" content=\"2\" \/><\/li>\t\t\t\t\t<\/ol>\r\n\t\t\t\t\t<div class=\"clearfix\"><\/div>\r\n\t\t\t\t<\/div>\r\n\t\t\t<\/div>\r\n\t\t\t<\/div>\n\t\t\t\t\t\t<\/div>\n\t\t\t\t<\/div>\n\t\t\t\t\t<\/div>\n\t\t<\/div>\n\t\t\t\t\t<\/div>\n\t\t<\/section>\n\t\t\t\t\t<\/div>\n\t\t<\/div>\n\t\t\t\t\t<\/div>\n\t\t<\/section>\n\t\t\t\t<section class=\"elementor-section elementor-top-section elementor-element elementor-element-75c339a elementor-section-boxed elementor-section-height-default elementor-section-height-default\" data-id=\"75c339a\" data-element_type=\"section\" data-e-type=\"section\">\n\t\t\t\t\t\t<div class=\"elementor-container elementor-column-gap-default\">\n\t\t\t\t\t<div class=\"elementor-column elementor-col-100 elementor-top-column elementor-element elementor-element-272040f\" data-id=\"272040f\" data-element_type=\"column\" data-e-type=\"column\">\n\t\t\t<div class=\"elementor-widget-wrap elementor-element-populated\">\n\t\t\t\t\t\t<div class=\"elementor-element elementor-element-2a1d61a elementor-widget elementor-widget-text-editor\" data-id=\"2a1d61a\" data-element_type=\"widget\" data-e-type=\"widget\" data-widget_type=\"text-editor.default\">\n\t\t\t\t<div class=\"elementor-widget-container\">\n\t\t\t\t\t\t\t\t\t<div>\n<div class=\"defaultBlock-3WQYo\">\n<div class=\"rah-static rah-static--height-auto\" aria-hidden=\"false\">\n<div class=\"defaultBlock-3WQYo\">\n<div class=\"contentRect-aVg9o copyableElem-3MDgL fontCopyableElemTab-2p2c_\" tabindex=\"0\" data-auto=\"contentRect\" data-copytype=\"Contenu\" data-logtype=\"content\" data-fontinfo=\"\u2014\">\n<h2 class=\"content-1ObEW\" data-auto=\"textContent\">\u00c9diteurs du site<\/h2>\n<p style=\"font-weight: 400;\">L\u2019\u00e9dition du site https:\/\/logely.fr\/\u00a0est assur\u00e9e par<\/p>\n<p style=\"font-weight: 400;\">RESIDIS, Tour Liberty, 17 place des Reflets, Courbevoie, 92400 T\u00e9l. : 01 44 63 14 18\u00a0<\/p>\n<p style=\"font-weight: 400;\">Responsable de la publication : RESIDIS<\/p>\n<p style=\"font-weight: 400;\">Mais \u00e9galement<\/p>\n<p style=\"font-weight: 400;\">VSP, Tour Liberty, 17 place des Reflets, Courbevoie, 92400 T\u00e9l. : 01 88 30 51 90<\/p>\n<p style=\"font-weight: 400;\">Responsable de la publication : VSP<\/p>\n<p>\u00a0<\/p>\n<\/div>\n<hr class=\"divider-1c7Hc infoBlocks-2RAtY\" \/><\/div>\n<\/div>\n<\/div>\n<\/div>\n<div class=\"defaultBlock-3WQYo\">\n<div class=\"defaultHeading-2nB6p\">\n<div class=\"mainContainer-34a6i\" tabindex=\"0\" data-auto=\"codeSnippetHeading\">\n<div class=\"container-zxfEz\" tabindex=\"-1\">\n<div class=\"expandCollapseImg-2jWDs\">\u00a0<\/div>\n<div class=\"title-3GFDx\">\u00a0<\/div>\n<div class=\"title-3GFDx\">\u00a0<\/div>\n<\/div>\n<\/div>\n<\/div>\n<\/div>\t\t\t\t\t\t\t\t<\/div>\n\t\t\t\t<\/div>\n\t\t\t\t<div class=\"elementor-element elementor-element-5136bc3 elementor-widget elementor-widget-heading\" data-id=\"5136bc3\" data-element_type=\"widget\" data-e-type=\"widget\" data-widget_type=\"heading.default\">\n\t\t\t\t<div class=\"elementor-widget-container\">\n\t\t\t\t\t<h2 class=\"elementor-heading-title elementor-size-default\">Conditions g\u00e9n\u00e9rales d'utilisation<\/h2>\t\t\t\t<\/div>\n\t\t\t\t<\/div>\n\t\t\t\t<div class=\"elementor-element elementor-element-d51239c elementor-widget elementor-widget-text-editor\" data-id=\"d51239c\" data-element_type=\"widget\" data-e-type=\"widget\" data-widget_type=\"text-editor.default\">\n\t\t\t\t<div class=\"elementor-widget-container\">\n\t\t\t\t\t\t\t\t\t<p>Les pr\u00e9sentes conditions g\u00e9n\u00e9rales ont pour objet de d\u00e9finir les conditions et modalit\u00e9s d\u2019utilisation du site Internet accessible \u00e0 l\u2019adresse suivante : https:\/\/logely.fr\/ (ci-apr\u00e8s le \u00ab Site \u00bb). Elles seront seules applicables, m\u00eame en cas d\u2019indication contraire mentionn\u00e9e ailleurs.&nbsp;<\/p>\n<h2>Pr\u00e9sentation g\u00e9n\u00e9rale du site&nbsp;<\/h2>\n<p>Le Site est un site d\u2019information sur la soci\u00e9t\u00e9 LOGELY et son savoir-faire. Il est ouvert \u00e0 tous.&nbsp;<\/p>\n<h2>Mises \u00e0 jour du Site&nbsp;<\/h2>\n<p>Les informations contenues sur ce Site proviennent de sources consid\u00e9r\u00e9es comme \u00e9tant fiables. Toutefois, les \u00e9diteurs ne sauraient garantir que leur transcription sur le pr\u00e9sent site s\u2019effectue sans risques d\u2019erreurs mat\u00e9rielles. Les \u00e9diteurs se r\u00e9servent le droit de les corriger, d\u00e8s que ces erreurs sont port\u00e9es \u00e0 sa connaissance et, plus g\u00e9n\u00e9ralement, de modifier, \u00e0 tout moment, sans pr\u00e9avis, tout ou partie du Site, sans que leur responsabilit\u00e9 puisse \u00eatre engag\u00e9e de ce fait.<\/p>\n<h2>Propri\u00e9t\u00e9 intellectuelle&nbsp;<\/h2>\n<p>Le pr\u00e9sent site est une \u0153uvre prot\u00e9g\u00e9e au titre de la propri\u00e9t\u00e9 intellectuelle. Il en est de m\u00eame de son arborescence et des donn\u00e9es figurant sur le Site telles que marques, logos, graphismes, photographies ainsi que toutes autres donn\u00e9es. Le fait de consulter le Site et son contenu ne comprend aucune autorisation de reproduction ou de repr\u00e9sentation. Ainsi, l\u2019\u00e9diteur informe les utilisateurs que toute reproduction, repr\u00e9sentation, publication, transmission ou plus g\u00e9n\u00e9ralement toute exploitation non autoris\u00e9e du Site et des informations qui y sont divulgu\u00e9es engage leur responsabilit\u00e9 et est susceptible d\u2019entra\u00eener des poursuites judiciaires \u00e0 leur encontre et notamment pour contrefa\u00e7on.&nbsp;<\/p>\n<h2>Marque&nbsp;<\/h2>\n<p>LOGELY et son logo sont des marques d\u00e9pos\u00e9es et prot\u00e9g\u00e9es \u00e0 ce titre par le droit des marques. Elles sont la propri\u00e9t\u00e9 exclusive de LOGELY.<\/p><p><i style=\"font-family: Aptos, sans-serif; font-size: 12pt; caret-color: rgb(0, 0, 0); color: rgb(0, 0, 0);\">Groupe RESIDIS\u00ae&nbsp;est une d\u00e9nomination commerciale exploit\u00e9e par la SAS RESIDIS.<\/i><\/p><p>&nbsp;<\/p>\n<h2>Caract\u00e8re des informations contenues sur le Site&nbsp;<\/h2>\n<p>Les informations pr\u00e9sentes sur le Site n\u2019ont qu\u2019un caract\u00e8re indicatif. Elles ne sont pas n\u00e9cessairement compl\u00e8tes, exhaustives ou mises \u00e0 jour en temps r\u00e9el. LOGELY d\u00e9cline toute responsabilit\u00e9 sur toutes les cons\u00e9quences r\u00e9sultant de l\u2019utilisation de ces informations. Le contenu du Site est susceptible de modification sans pr\u00e9avis.&nbsp;<\/p>\n<h2>Dysfonctionnement et virus&nbsp;<\/h2>\n<p>LOGELY ne pourra \u00eatre tenue responsable des dommages directs ou indirects r\u00e9sultant de l\u2019utilisation de ce site web ou de l\u2019impossibilit\u00e9 pour un tiers de l\u2019utiliser ou d\u2019un mauvais fonctionnement, d\u2019une interruption, d\u2019un virus, r\u00e9sultant de l\u2019acc\u00e8s ou de l\u2019utilisation du Site ou de tous sites qui lui sont li\u00e9s.&nbsp;<\/p>\n<h2>Sites li\u00e9s&nbsp;<\/h2>\n<p>LOGELY d\u00e9cline aussi toute responsabilit\u00e9 pour toutes les informations contenues sur des sites tiers o\u00f9 figurent des liens renvoyant au site https:\/\/logely.fr\/<\/p>\n<h2>Responsabilit\u00e9&nbsp;<\/h2>\n<p>LOGELY se r\u00e9serve la possibilit\u00e9 de faire \u00e9voluer, de modifier ou de suspendre, sans pr\u00e9avis le Site pour des raisons de maintenance ou pour tout autre motif jug\u00e9 n\u00e9cessaire. Chaque fois que cela sera possible, une page d\u2019information sera affich\u00e9e. L\u2019indisponibilit\u00e9 du site ne donne droit \u00e0 aucune indemnit\u00e9. LOGELY ne fournit aux utilisateurs aucune garantie expresse et implicite concernant la qualit\u00e9 et la compatibilit\u00e9 du Site \u00e0 un usage sp\u00e9cifique.<\/p>\n<h2>Protection des donn\u00e9es personnelles&nbsp;<\/h2>\n<p>Les traitements mis en \u0153uvre par l\u2019\u00e9diteur sont r\u00e9alis\u00e9s en conformit\u00e9 avec le R\u00e8glement (UE) 2016\/679 du 27 avril 2016 relatif \u00e0 la protection des personnes physiques \u00e0 l\u2019\u00e9gard du traitement des donn\u00e9es \u00e0 caract\u00e8re personnel et \u00e0 la libre circulation de ces donn\u00e9es et avec la loi Informatique et Libert\u00e9s modifi\u00e9e. Pour plus d\u2019informations relatives aux traitements mis en \u0153uvre par le site https:\/\/logely.fr\/, nous vous invitons \u00e0 consulter notre politique de confidentialit\u00e9.<\/p>\n<h2>Droit applicable&nbsp;<\/h2>\n<p>Le Site est un site de droit fran\u00e7ais, soumis aux juridictions fran\u00e7aises et a pour langue officielle le fran\u00e7ais.<\/p>\n<p><\/p>\t\t\t\t\t\t\t\t<\/div>\n\t\t\t\t<\/div>\n\t\t\t\t\t<\/div>\n\t\t<\/div>\n\t\t\t\t\t<\/div>\n\t\t<\/section>\n\t\t\t\t<\/div>","protected":false},"excerpt":{"rendered":"<p>MENTIONS L\u00c9GALES \u00c9diteurs du site L\u2019\u00e9dition du site https:\/\/logely.fr\/\u00a0est assur\u00e9e par RESIDIS, Tour Liberty, 17 place des Reflets, Courbevoie, 92400 T\u00e9l. : 01 44 63 14 18\u00a0 Responsable de la publication : RESIDIS Mais \u00e9galement VSP, Tour Liberty, 17 place des Reflets, Courbevoie, 92400 T\u00e9l. : 01 88 30 51 90 Responsable de la publication [&hellip;]<\/p>\n","protected":false},"author":9,"featured_media":0,"parent":0,"menu_order":0,"comment_status":"closed","ping_status":"closed","template":"","meta":{"_acf_changed":false,"footnotes":""},"class_list":["post-34","page","type-page","status-publish","hentry"],"acf":[],"_links":{"self":[{"href":"https:\/\/logely.fr\/en\/wp-json\/wp\/v2\/pages\/34","targetHints":{"allow":["GET"]}}],"collection":[{"href":"https:\/\/logely.fr\/en\/wp-json\/wp\/v2\/pages"}],"about":[{"href":"https:\/\/logely.fr\/en\/wp-json\/wp\/v2\/types\/page"}],"author":[{"embeddable":true,"href":"https:\/\/logely.fr\/en\/wp-json\/wp\/v2\/users\/9"}],"replies":[{"embeddable":true,"href":"https:\/\/logely.fr\/en\/wp-json\/wp\/v2\/comments?post=34"}],"version-history":[{"count":133,"href":"https:\/\/logely.fr\/en\/wp-json\/wp\/v2\/pages\/34\/revisions"}],"predecessor-version":[{"id":9994,"href":"https:\/\/logely.fr\/en\/wp-json\/wp\/v2\/pages\/34\/revisions\/9994"}],"wp:attachment":[{"href":"https:\/\/logely.fr\/en\/wp-json\/wp\/v2\/media?parent=34"}],"curies":[{"name":"wp","href":"https:\/\/api.w.org\/{rel}","templated":true}]}}